{"id":502,"date":"2022-09-20T13:45:48","date_gmt":"2022-09-20T13:45:48","guid":{"rendered":"http:\/\/box5879.temp.domains\/~leslifo8\/?page_id=502"},"modified":"2023-05-11T08:17:52","modified_gmt":"2023-05-11T08:17:52","slug":"contact","status":"publish","type":"page","link":"https:\/\/www.lesliesingla.com\/en\/contact\/","title":{"rendered":"Contact"},"content":{"rendered":"<div data-elementor-type=\"wp-post\" data-elementor-id=\"502\" class=\"elementor elementor-502\">\n\t\t\t\t\t\t<section class=\"elementor-section elementor-top-section elementor-element elementor-element-98a108b elementor-section-height-min-height elementor-section-items-stretch elementor-reverse-tablet elementor-reverse-mobile elementor-section-boxed elementor-section-height-default elementor-invisible\" data-id=\"98a108b\" data-element_type=\"section\" data-e-type=\"section\" data-settings=\"{&quot;animation&quot;:&quot;fadeIn&quot;}\">\n\t\t\t\t\t\t<div class=\"elementor-container elementor-column-gap-no\">\n\t\t\t\t\t<div class=\"elementor-column elementor-col-100 elementor-top-column elementor-element elementor-element-5179bf8\" data-id=\"5179bf8\" data-element_type=\"column\" data-e-type=\"column\">\n\t\t\t<div class=\"elementor-widget-wrap elementor-element-populated\">\n\t\t\t\t\t\t<section class=\"elementor-section elementor-inner-section elementor-element elementor-element-4fd4ae0 elementor-section-full_width elementor-section-height-min-height elementor-section-height-default\" data-id=\"4fd4ae0\" data-element_type=\"section\" data-e-type=\"section\">\n\t\t\t\t\t\t<div class=\"elementor-container elementor-column-gap-default\">\n\t\t\t\t\t<div class=\"elementor-column elementor-col-100 elementor-inner-column elementor-element elementor-element-c3e70e4\" data-id=\"c3e70e4\" data-element_type=\"column\" data-e-type=\"column\">\n\t\t\t<div class=\"elementor-widget-wrap elementor-element-populated\">\n\t\t\t\t\t\t<div class=\"elementor-element elementor-element-f299fcc elementor-widget__width-initial elementor-widget elementor-widget-heading\" data-id=\"f299fcc\" data-element_type=\"widget\" data-e-type=\"widget\" data-widget_type=\"heading.default\">\n\t\t\t\t<div class=\"elementor-widget-container\">\n\t\t\t\t\t<h1 class=\"elementor-heading-title elementor-size-default\">And you, where do you want to start? <\/h1>\t\t\t\t<\/div>\n\t\t\t\t<\/div>\n\t\t\t\t\t<\/div>\n\t\t<\/div>\n\t\t\t\t\t<\/div>\n\t\t<\/section>\n\t\t\t\t<section class=\"elementor-section elementor-inner-section elementor-element elementor-element-6fb1b12 elementor-section-height-min-height elementor-section-boxed elementor-section-height-default\" data-id=\"6fb1b12\" data-element_type=\"section\" data-e-type=\"section\" data-settings=\"{&quot;background_background&quot;:&quot;classic&quot;}\">\n\t\t\t\t\t\t<div class=\"elementor-container elementor-column-gap-default\">\n\t\t\t\t\t<div class=\"elementor-column elementor-col-100 elementor-inner-column elementor-element elementor-element-4a45b0e\" data-id=\"4a45b0e\" data-element_type=\"column\" data-e-type=\"column\">\n\t\t\t<div class=\"elementor-widget-wrap elementor-element-populated\">\n\t\t\t\t\t\t<div class=\"elementor-element elementor-element-2ad37df elementor-widget elementor-widget-text-editor\" data-id=\"2ad37df\" data-element_type=\"widget\" data-e-type=\"widget\" data-widget_type=\"text-editor.default\">\n\t\t\t\t<div class=\"elementor-widget-container\">\n\t\t\t\t\t\t\t\t\t<p>Let\u2019s talk about your <a href=\"https:\/\/www.lesliesingla.com\/en\/services-copywriting\/\" target=\"_blank\" rel=\"noopener\">project<\/a>.<\/p>\t\t\t\t\t\t\t\t<\/div>\n\t\t\t\t<\/div>\n\t\t\t\t<div class=\"elementor-element elementor-element-0d89dac elementor-align-center elementor-widget__width-auto elementor-widget elementor-widget-button\" data-id=\"0d89dac\" data-element_type=\"widget\" data-e-type=\"widget\" data-widget_type=\"button.default\">\n\t\t\t\t<div class=\"elementor-widget-container\">\n\t\t\t\t\t\t\t\t\t<div class=\"elementor-button-wrapper\">\n\t\t\t\t\t<a class=\"elementor-button elementor-button-link elementor-size-sm\" href=\"mailto:lesliesingla@gmail.com\" target=\"_blank\">\n\t\t\t\t\t\t<span class=\"elementor-button-content-wrapper\">\n\t\t\t\t\t\t\t\t\t<span class=\"elementor-button-text\">Email me<\/span>\n\t\t\t\t\t<\/span>\n\t\t\t\t\t<\/a>\n\t\t\t\t<\/div>\n\t\t\t\t\t\t\t\t<\/div>\n\t\t\t\t<\/div>\n\t\t\t\t\t<\/div>\n\t\t<\/div>\n\t\t\t\t\t<\/div>\n\t\t<\/section>\n\t\t\t\t<section class=\"elementor-section elementor-inner-section elementor-element elementor-element-7c99d1f elementor-section-full_width elementor-section-height-default elementor-section-height-default\" data-id=\"7c99d1f\" data-element_type=\"section\" data-e-type=\"section\">\n\t\t\t\t\t\t<div class=\"elementor-container elementor-column-gap-default\">\n\t\t\t\t\t<div class=\"elementor-column elementor-col-100 elementor-inner-column elementor-element elementor-element-2ec8a83\" data-id=\"2ec8a83\" data-element_type=\"column\" data-e-type=\"column\">\n\t\t\t<div class=\"elementor-widget-wrap elementor-element-populated\">\n\t\t\t\t\t\t<div class=\"elementor-element elementor-element-98178bf elementor-widget__width-initial elementor-widget elementor-widget-heading\" data-id=\"98178bf\" data-element_type=\"widget\" data-e-type=\"widget\" data-widget_type=\"heading.default\">\n\t\t\t\t<div class=\"elementor-widget-container\">\n\t\t\t\t\t<h2 class=\"elementor-heading-title elementor-size-default\"><a href=\"https:\/\/www.linkedin.com\/in\/lesliesingla\/\" target=\"_blank\">See you soon.<\/a><\/h2>\t\t\t\t<\/div>\n\t\t\t\t<\/div>\n\t\t\t\t\t<\/div>\n\t\t<\/div>\n\t\t\t\t\t<\/div>\n\t\t<\/section>\n\t\t\t\t\t<\/div>\n\t\t<\/div>\n\t\t\t\t\t<\/div>\n\t\t<\/section>\n\t\t\t\t<section class=\"elementor-section elementor-top-section elementor-element elementor-element-13365e4 elementor-section-full_width elementor-section-height-min-height elementor-section-items-stretch elementor-reverse-tablet elementor-reverse-mobile elementor-section-height-default elementor-invisible\" data-id=\"13365e4\" data-element_type=\"section\" data-e-type=\"section\" data-settings=\"{&quot;animation&quot;:&quot;fadeIn&quot;}\">\n\t\t\t\t\t\t<div class=\"elementor-container elementor-column-gap-no\">\n\t\t\t\t\t<div class=\"elementor-column elementor-col-50 elementor-top-column elementor-element elementor-element-2396a64\" data-id=\"2396a64\" data-element_type=\"column\" data-e-type=\"column\" data-settings=\"{&quot;background_background&quot;:&quot;classic&quot;}\">\n\t\t\t<div class=\"elementor-widget-wrap elementor-element-populated\">\n\t\t\t\t\t\t<section class=\"elementor-section elementor-inner-section elementor-element elementor-element-320c782 elementor-section-boxed elementor-section-height-default elementor-section-height-default\" data-id=\"320c782\" data-element_type=\"section\" data-e-type=\"section\">\n\t\t\t\t\t\t<div class=\"elementor-container elementor-column-gap-default\">\n\t\t\t\t\t<div class=\"elementor-column elementor-col-100 elementor-inner-column elementor-element elementor-element-2dcc719\" data-id=\"2dcc719\" data-element_type=\"column\" data-e-type=\"column\">\n\t\t\t<div class=\"elementor-widget-wrap elementor-element-populated\">\n\t\t\t\t\t\t<div class=\"elementor-element elementor-element-0801e49 elementor-widget elementor-widget-heading\" data-id=\"0801e49\" data-element_type=\"widget\" data-e-type=\"widget\" data-widget_type=\"heading.default\">\n\t\t\t\t<div class=\"elementor-widget-container\">\n\t\t\t\t\t<h3 class=\"elementor-heading-title elementor-size-default\">Contact me<\/h3>\t\t\t\t<\/div>\n\t\t\t\t<\/div>\n\t\t\t\t<div class=\"elementor-element elementor-element-22519ad elementor-widget__width-initial elementor-widget elementor-widget-text-editor\" data-id=\"22519ad\" data-element_type=\"widget\" data-e-type=\"widget\" data-widget_type=\"text-editor.default\">\n\t\t\t\t<div class=\"elementor-widget-container\">\n\t\t\t\t\t\t\t\t\t<p dir=\"ltr\">It all starts now.<br \/>Let\u2019s talk about your project.\u00a0<\/p>\t\t\t\t\t\t\t\t<\/div>\n\t\t\t\t<\/div>\n\t\t\t\t<div class=\"elementor-element elementor-element-694fa5c elementor-widget__width-initial elementor-widget elementor-widget-form\" data-id=\"694fa5c\" data-element_type=\"widget\" data-e-type=\"widget\" data-widget_type=\"form.default\">\n\t\t\t\t<div class=\"elementor-widget-container\">\n\t\t\t\t\t \t\t\t\t<\/div>\n\t\t\t\t<\/div>\n\t\t\t\t\t<\/div>\n\t\t<\/div>\n\t\t\t\t\t<\/div>\n\t\t<\/section>\n\t\t\t\t\t<\/div>\n\t\t<\/div>\n\t\t\t\t<div class=\"elementor-column elementor-col-50 elementor-top-column elementor-element elementor-element-0729dd1\" data-id=\"0729dd1\" data-element_type=\"column\" data-e-type=\"column\" data-settings=\"{&quot;background_background&quot;:&quot;classic&quot;}\">\n\t\t\t<div class=\"elementor-widget-wrap elementor-element-populated\">\n\t\t\t\t\t\t<div class=\"elementor-element elementor-element-ff1455c elementor-widget elementor-widget-spacer\" data-id=\"ff1455c\" data-element_type=\"widget\" data-e-type=\"widget\" data-widget_type=\"spacer.default\">\n\t\t\t\t<div class=\"elementor-widget-container\">\n\t\t\t\t\t\t\t<div class=\"elementor-spacer\">\n\t\t\t<div class=\"elementor-spacer-inner\"><\/div>\n\t\t<\/div>\n\t\t\t\t\t\t<\/div>\n\t\t\t\t<\/div>\n\t\t\t\t\t<\/div>\n\t\t<\/div>\n\t\t\t\t\t<\/div>\n\t\t<\/section>\n\t\t\t\t<\/div>","protected":false},"excerpt":{"rendered":"<p>Et vous, par quoi souhaitez-vous commencer ? Discutons ensemble de votre projet de r\u00e9daction. Envoyez moi un email \u00c0 bient\u00f4t. Contactez moi It all starts now.Let\u2019s talk about your project.\u00a0<\/p>","protected":false},"author":2,"featured_media":0,"parent":0,"menu_order":5,"comment_status":"closed","ping_status":"closed","template":"","meta":{"nf_dc_page":"","footnotes":""},"class_list":["post-502","page","type-page","status-publish","hentry"],"yoast_head":"<!-- This site is optimized with the Yoast SEO plugin v26.9 - https:\/\/yoast.com\/product\/yoast-seo-wordpress\/ -->\n<title>Copywriting et r\u00e9daction de contenu<\/title>\n<meta name=\"description\" content=\"Pourquoi opter pour du copywriting ? Pour gagner du temps, toucher votre audience et accro\u00eetre votre visibilit\u00e9. N&#039;h\u00e9sitez pas \u00e0 me contacter\" \/>\n<meta name=\"robots\" content=\"index, follow, max-snippet:-1, max-image-preview:large, max-video-preview:-1\" \/>\n<link rel=\"canonical\" href=\"https:\/\/www.lesliesingla.com\/en\/contact\/\" \/>\n<meta property=\"og:locale\" content=\"en_US\" \/>\n<meta property=\"og:type\" content=\"article\" \/>\n<meta property=\"og:title\" content=\"Copywriting et r\u00e9daction de contenu\" \/>\n<meta property=\"og:description\" content=\"Pourquoi opter pour du copywriting ? Pour gagner du temps, toucher votre audience et accro\u00eetre votre visibilit\u00e9. N&#039;h\u00e9sitez pas \u00e0 me contacter\" \/>\n<meta property=\"og:url\" content=\"https:\/\/www.lesliesingla.com\/en\/contact\/\" \/>\n<meta property=\"og:site_name\" content=\"Leslie Singla - R\u00e9daction et Strat\u00e9gie \u00e9ditoriale\" \/>\n<meta property=\"article:modified_time\" content=\"2023-05-11T08:17:52+00:00\" \/>\n<meta name=\"twitter:card\" content=\"summary_large_image\" \/>\n<meta name=\"twitter:label1\" content=\"Est. reading time\" \/>\n\t<meta name=\"twitter:data1\" content=\"1 minute\" \/>\n<script type=\"application\/ld+json\" class=\"yoast-schema-graph\">{\"@context\":\"https:\/\/schema.org\",\"@graph\":[{\"@type\":\"WebPage\",\"@id\":\"https:\/\/www.lesliesingla.com\/contact\/\",\"url\":\"https:\/\/www.lesliesingla.com\/contact\/\",\"name\":\"Copywriting et r\u00e9daction de contenu\",\"isPartOf\":{\"@id\":\"https:\/\/www.lesliesingla.com\/#website\"},\"datePublished\":\"2022-09-20T13:45:48+00:00\",\"dateModified\":\"2023-05-11T08:17:52+00:00\",\"description\":\"Pourquoi opter pour du copywriting ? Pour gagner du temps, toucher votre audience et accro\u00eetre votre visibilit\u00e9. N'h\u00e9sitez pas \u00e0 me contacter\",\"inLanguage\":\"en-US\",\"potentialAction\":[{\"@type\":\"ReadAction\",\"target\":[\"https:\/\/www.lesliesingla.com\/contact\/\"]}]},{\"@type\":\"WebSite\",\"@id\":\"https:\/\/www.lesliesingla.com\/#website\",\"url\":\"https:\/\/www.lesliesingla.com\/\",\"name\":\"Leslie Singla - R\u00e9daction et Strat\u00e9gie \u00e9ditoriale\",\"description\":\"R\u00e9daction SEO et Strat\u00e9gie \u00e9ditoriale\",\"publisher\":{\"@id\":\"https:\/\/www.lesliesingla.com\/#organization\"},\"potentialAction\":[{\"@type\":\"SearchAction\",\"target\":{\"@type\":\"EntryPoint\",\"urlTemplate\":\"https:\/\/www.lesliesingla.com\/?s={search_term_string}\"},\"query-input\":{\"@type\":\"PropertyValueSpecification\",\"valueRequired\":true,\"valueName\":\"search_term_string\"}}],\"inLanguage\":\"en-US\"},{\"@type\":\"Organization\",\"@id\":\"https:\/\/www.lesliesingla.com\/#organization\",\"name\":\"Leslie Singla - R\u00e9daction et Strat\u00e9gie \u00e9ditoriale\",\"url\":\"https:\/\/www.lesliesingla.com\/\",\"logo\":{\"@type\":\"ImageObject\",\"inLanguage\":\"en-US\",\"@id\":\"https:\/\/www.lesliesingla.com\/#\/schema\/logo\/image\/\",\"url\":\"https:\/\/i0.wp.com\/www.lesliesingla.com\/wp-content\/uploads\/2022\/09\/cropped-ls-fav.png?fit=512%2C512&ssl=1\",\"contentUrl\":\"https:\/\/i0.wp.com\/www.lesliesingla.com\/wp-content\/uploads\/2022\/09\/cropped-ls-fav.png?fit=512%2C512&ssl=1\",\"width\":512,\"height\":512,\"caption\":\"Leslie Singla - R\u00e9daction et Strat\u00e9gie \u00e9ditoriale\"},\"image\":{\"@id\":\"https:\/\/www.lesliesingla.com\/#\/schema\/logo\/image\/\"}}]}<\/script>\n<!-- \/ Yoast SEO plugin. -->","yoast_head_json":{"title":"Copywriting et r\u00e9daction de contenu","description":"Pourquoi opter pour du copywriting ? Pour gagner du temps, toucher votre audience et accro\u00eetre votre visibilit\u00e9. N'h\u00e9sitez pas \u00e0 me contacter","robots":{"index":"index","follow":"follow","max-snippet":"max-snippet:-1","max-image-preview":"max-image-preview:large","max-video-preview":"max-video-preview:-1"},"canonical":"https:\/\/www.lesliesingla.com\/en\/contact\/","og_locale":"en_US","og_type":"article","og_title":"Copywriting et r\u00e9daction de contenu","og_description":"Pourquoi opter pour du copywriting ? Pour gagner du temps, toucher votre audience et accro\u00eetre votre visibilit\u00e9. N'h\u00e9sitez pas \u00e0 me contacter","og_url":"https:\/\/www.lesliesingla.com\/en\/contact\/","og_site_name":"Leslie Singla - R\u00e9daction et Strat\u00e9gie \u00e9ditoriale","article_modified_time":"2023-05-11T08:17:52+00:00","twitter_card":"summary_large_image","twitter_misc":{"Est. reading time":"1 minute"},"schema":{"@context":"https:\/\/schema.org","@graph":[{"@type":"WebPage","@id":"https:\/\/www.lesliesingla.com\/contact\/","url":"https:\/\/www.lesliesingla.com\/contact\/","name":"Copywriting et r\u00e9daction de contenu","isPartOf":{"@id":"https:\/\/www.lesliesingla.com\/#website"},"datePublished":"2022-09-20T13:45:48+00:00","dateModified":"2023-05-11T08:17:52+00:00","description":"Pourquoi opter pour du copywriting ? Pour gagner du temps, toucher votre audience et accro\u00eetre votre visibilit\u00e9. N'h\u00e9sitez pas \u00e0 me contacter","inLanguage":"en-US","potentialAction":[{"@type":"ReadAction","target":["https:\/\/www.lesliesingla.com\/contact\/"]}]},{"@type":"WebSite","@id":"https:\/\/www.lesliesingla.com\/#website","url":"https:\/\/www.lesliesingla.com\/","name":"Leslie Singla - R\u00e9daction et Strat\u00e9gie \u00e9ditoriale","description":"R\u00e9daction SEO et Strat\u00e9gie \u00e9ditoriale","publisher":{"@id":"https:\/\/www.lesliesingla.com\/#organization"},"potentialAction":[{"@type":"SearchAction","target":{"@type":"EntryPoint","urlTemplate":"https:\/\/www.lesliesingla.com\/?s={search_term_string}"},"query-input":{"@type":"PropertyValueSpecification","valueRequired":true,"valueName":"search_term_string"}}],"inLanguage":"en-US"},{"@type":"Organization","@id":"https:\/\/www.lesliesingla.com\/#organization","name":"Leslie Singla - R\u00e9daction et Strat\u00e9gie \u00e9ditoriale","url":"https:\/\/www.lesliesingla.com\/","logo":{"@type":"ImageObject","inLanguage":"en-US","@id":"https:\/\/www.lesliesingla.com\/#\/schema\/logo\/image\/","url":"https:\/\/i0.wp.com\/www.lesliesingla.com\/wp-content\/uploads\/2022\/09\/cropped-ls-fav.png?fit=512%2C512&ssl=1","contentUrl":"https:\/\/i0.wp.com\/www.lesliesingla.com\/wp-content\/uploads\/2022\/09\/cropped-ls-fav.png?fit=512%2C512&ssl=1","width":512,"height":512,"caption":"Leslie Singla - R\u00e9daction et Strat\u00e9gie \u00e9ditoriale"},"image":{"@id":"https:\/\/www.lesliesingla.com\/#\/schema\/logo\/image\/"}}]}},"jetpack_sharing_enabled":true,"_links":{"self":[{"href":"https:\/\/www.lesliesingla.com\/en\/wp-json\/wp\/v2\/pages\/502","targetHints":{"allow":["GET"]}}],"collection":[{"href":"https:\/\/www.lesliesingla.com\/en\/wp-json\/wp\/v2\/pages"}],"about":[{"href":"https:\/\/www.lesliesingla.com\/en\/wp-json\/wp\/v2\/types\/page"}],"author":[{"embeddable":true,"href":"https:\/\/www.lesliesingla.com\/en\/wp-json\/wp\/v2\/users\/2"}],"replies":[{"embeddable":true,"href":"https:\/\/www.lesliesingla.com\/en\/wp-json\/wp\/v2\/comments?post=502"}],"version-history":[{"count":5,"href":"https:\/\/www.lesliesingla.com\/en\/wp-json\/wp\/v2\/pages\/502\/revisions"}],"predecessor-version":[{"id":910,"href":"https:\/\/www.lesliesingla.com\/en\/wp-json\/wp\/v2\/pages\/502\/revisions\/910"}],"wp:attachment":[{"href":"https:\/\/www.lesliesingla.com\/en\/wp-json\/wp\/v2\/media?parent=502"}],"curies":[{"name":"wp","href":"https:\/\/api.w.org\/{rel}","templated":true}]}}