{"id":337,"date":"2022-09-20T08:17:14","date_gmt":"2022-09-20T08:17:14","guid":{"rendered":"http:\/\/box5879.temp.domains\/~leslifo8\/?page_id=337"},"modified":"2023-05-11T07:47:54","modified_gmt":"2023-05-11T07:47:54","slug":"about-redactrice","status":"publish","type":"page","link":"https:\/\/www.lesliesingla.com\/en\/about-redactrice\/","title":{"rendered":"About"},"content":{"rendered":"<div data-elementor-type=\"wp-post\" data-elementor-id=\"337\" class=\"elementor elementor-337\">\n\t\t\t\t\t\t<section class=\"elementor-section elementor-top-section elementor-element elementor-element-239bba1 elementor-section-full_width elementor-reverse-tablet elementor-reverse-mobile elementor-section-height-default elementor-section-height-default\" data-id=\"239bba1\" data-element_type=\"section\" data-e-type=\"section\">\n\t\t\t\t\t\t<div class=\"elementor-container elementor-column-gap-default\">\n\t\t\t\t\t<div class=\"elementor-column elementor-col-50 elementor-top-column elementor-element elementor-element-65f8e14\" data-id=\"65f8e14\" data-element_type=\"column\" data-e-type=\"column\">\n\t\t\t<div class=\"elementor-widget-wrap elementor-element-populated\">\n\t\t\t\t\t\t<div class=\"elementor-element elementor-element-59447b7 elementor-widget elementor-widget-image\" data-id=\"59447b7\" data-element_type=\"widget\" data-e-type=\"widget\" data-widget_type=\"image.default\">\n\t\t\t\t<div class=\"elementor-widget-container\">\n\t\t\t\t\t\t\t\t\t\t\t\t\t\t\t<img fetchpriority=\"high\" decoding=\"async\" width=\"683\" height=\"1024\" src=\"https:\/\/i0.wp.com\/www.lesliesingla.com\/wp-content\/uploads\/2022\/09\/aboutLeslie.jpg?fit=683%2C1024&amp;ssl=1\" class=\"attachment-large size-large wp-image-339\" alt=\"leslie singla redactrice web seo\" srcset=\"https:\/\/i0.wp.com\/www.lesliesingla.com\/wp-content\/uploads\/2022\/09\/aboutLeslie.jpg?w=864&amp;ssl=1 864w, https:\/\/i0.wp.com\/www.lesliesingla.com\/wp-content\/uploads\/2022\/09\/aboutLeslie.jpg?resize=200%2C300&amp;ssl=1 200w, https:\/\/i0.wp.com\/www.lesliesingla.com\/wp-content\/uploads\/2022\/09\/aboutLeslie.jpg?resize=683%2C1024&amp;ssl=1 683w, https:\/\/i0.wp.com\/www.lesliesingla.com\/wp-content\/uploads\/2022\/09\/aboutLeslie.jpg?resize=768%2C1152&amp;ssl=1 768w, https:\/\/i0.wp.com\/www.lesliesingla.com\/wp-content\/uploads\/2022\/09\/aboutLeslie.jpg?resize=8%2C12&amp;ssl=1 8w\" sizes=\"(max-width: 683px) 100vw, 683px\" \/>\t\t\t\t\t\t\t\t\t\t\t\t\t\t\t<\/div>\n\t\t\t\t<\/div>\n\t\t\t\t\t<\/div>\n\t\t<\/div>\n\t\t\t\t<div class=\"elementor-column elementor-col-50 elementor-top-column elementor-element elementor-element-b4698b9\" data-id=\"b4698b9\" data-element_type=\"column\" data-e-type=\"column\">\n\t\t\t<div class=\"elementor-widget-wrap elementor-element-populated\">\n\t\t\t\t\t\t<div class=\"elementor-element elementor-element-7f00d7b elementor-widget elementor-widget-heading\" data-id=\"7f00d7b\" data-element_type=\"widget\" data-e-type=\"widget\" data-widget_type=\"heading.default\">\n\t\t\t\t<div class=\"elementor-widget-container\">\n\t\t\t\t\t<h1 class=\"elementor-heading-title elementor-size-default\">Leslie Singla<\/h1>\t\t\t\t<\/div>\n\t\t\t\t<\/div>\n\t\t\t\t<section class=\"elementor-section elementor-inner-section elementor-element elementor-element-ec572eb elementor-section-full_width elementor-section-height-default elementor-section-height-default\" data-id=\"ec572eb\" data-element_type=\"section\" data-e-type=\"section\">\n\t\t\t\t\t\t<div class=\"elementor-container elementor-column-gap-no\">\n\t\t\t\t\t<div class=\"elementor-column elementor-col-100 elementor-inner-column elementor-element elementor-element-0767e5c\" data-id=\"0767e5c\" data-element_type=\"column\" data-e-type=\"column\">\n\t\t\t<div class=\"elementor-widget-wrap elementor-element-populated\">\n\t\t\t\t\t\t<div class=\"elementor-element elementor-element-3ab903c elementor-widget__width-initial elementor-widget elementor-widget-text-editor\" data-id=\"3ab903c\" data-element_type=\"widget\" data-e-type=\"widget\" data-widget_type=\"text-editor.default\">\n\t\t\t\t<div class=\"elementor-widget-container\">\n\t\t\t\t\t\t\t\t\t<p>French Copywriter \u2013 Content editor<\/p>\t\t\t\t\t\t\t\t<\/div>\n\t\t\t\t<\/div>\n\t\t\t\t\t<\/div>\n\t\t<\/div>\n\t\t\t\t\t<\/div>\n\t\t<\/section>\n\t\t\t\t<div class=\"elementor-element elementor-element-4d8e927 elementor-widget__width-initial elementor-widget elementor-widget-text-editor\" data-id=\"4d8e927\" data-element_type=\"widget\" data-e-type=\"widget\" data-widget_type=\"text-editor.default\">\n\t\t\t\t<div class=\"elementor-widget-container\">\n\t\t\t\t\t\t\t\t\t<p>Transmitting information has always guided me.<\/p><p class=\"translation-block\">In another life, I was a journalist in Barcelona. From society to politics and culture, relating what surrounded me was my daily life for more than seven years. Meetings with experts from each sector allowed me to relate on such diversified subjects. In total, I have written <strong>over 2500 articles<\/strong>.<\/p><p>I was able to provide information using different media, such as radio, podcasts and live television.<\/p><p>\u00a0<\/p>\t\t\t\t\t\t\t\t<\/div>\n\t\t\t\t<\/div>\n\t\t\t\t<section class=\"elementor-section elementor-inner-section elementor-element elementor-element-4254311 elementor-section-full_width elementor-section-height-default elementor-section-height-default\" data-id=\"4254311\" data-element_type=\"section\" data-e-type=\"section\">\n\t\t\t\t\t\t<div class=\"elementor-container elementor-column-gap-no\">\n\t\t\t\t\t<div class=\"elementor-column elementor-col-100 elementor-inner-column elementor-element elementor-element-4112894\" data-id=\"4112894\" data-element_type=\"column\" data-e-type=\"column\">\n\t\t\t<div class=\"elementor-widget-wrap elementor-element-populated\">\n\t\t\t\t\t\t<div class=\"elementor-element elementor-element-d8616b6 elementor-widget__width-initial elementor-widget elementor-widget-heading\" data-id=\"d8616b6\" data-element_type=\"widget\" data-e-type=\"widget\" data-widget_type=\"heading.default\">\n\t\t\t\t<div class=\"elementor-widget-container\">\n\t\t\t\t\t<h2 class=\"elementor-heading-title elementor-size-default\">Going from one subject to another is the essence of my job, always with one goal : to adapt to the people I have in front of me.<\/h2>\t\t\t\t<\/div>\n\t\t\t\t<\/div>\n\t\t\t\t\t<\/div>\n\t\t<\/div>\n\t\t\t\t\t<\/div>\n\t\t<\/section>\n\t\t\t\t\t<\/div>\n\t\t<\/div>\n\t\t\t\t\t<\/div>\n\t\t<\/section>\n\t\t\t\t<section class=\"elementor-section elementor-top-section elementor-element elementor-element-6ed5c07 elementor-section-boxed elementor-section-height-default elementor-section-height-default\" data-id=\"6ed5c07\" data-element_type=\"section\" data-e-type=\"section\">\n\t\t\t\t\t\t<div class=\"elementor-container elementor-column-gap-default\">\n\t\t\t\t\t<div class=\"elementor-column elementor-col-100 elementor-top-column elementor-element elementor-element-770d0f6\" data-id=\"770d0f6\" data-element_type=\"column\" data-e-type=\"column\">\n\t\t\t<div class=\"elementor-widget-wrap elementor-element-populated\">\n\t\t\t\t\t\t<section class=\"elementor-section elementor-inner-section elementor-element elementor-element-18be7df elementor-section-boxed elementor-section-height-default elementor-section-height-default\" data-id=\"18be7df\" data-element_type=\"section\" data-e-type=\"section\">\n\t\t\t\t\t\t<div class=\"elementor-container elementor-column-gap-default\">\n\t\t\t\t\t<div class=\"elementor-column elementor-col-50 elementor-inner-column elementor-element elementor-element-df025a1\" data-id=\"df025a1\" data-element_type=\"column\" data-e-type=\"column\">\n\t\t\t<div class=\"elementor-widget-wrap elementor-element-populated\">\n\t\t\t\t\t\t<div class=\"elementor-element elementor-element-7d4fc62 elementor-widget__width-initial elementor-widget elementor-widget-text-editor\" data-id=\"7d4fc62\" data-element_type=\"widget\" data-e-type=\"widget\" data-widget_type=\"text-editor.default\">\n\t\t\t\t<div class=\"elementor-widget-container\">\n\t\t\t\t\t\t\t\t\t<p class=\"translation-block\">Now, I focus on a very specific point of view: yours. <strong>Transcribing the vision of the brands and entrepreneurs<\/strong>, setting up an editorial strategy, finding the sentence that will hit the mark with your customers, fascinates me.<\/p><p class=\"translation-block\">What I also like are the real exchanges, human encounters, for <strong>successful collaborations.<\/strong><\/p>\t\t\t\t\t\t\t\t<\/div>\n\t\t\t\t<\/div>\n\t\t\t\t\t<\/div>\n\t\t<\/div>\n\t\t\t\t<div class=\"elementor-column elementor-col-50 elementor-inner-column elementor-element elementor-element-76f35e7\" data-id=\"76f35e7\" data-element_type=\"column\" data-e-type=\"column\">\n\t\t\t<div class=\"elementor-widget-wrap elementor-element-populated\">\n\t\t\t\t\t\t<div class=\"elementor-element elementor-element-f667f93 elementor-widget elementor-widget-image\" data-id=\"f667f93\" data-element_type=\"widget\" data-e-type=\"widget\" data-widget_type=\"image.default\">\n\t\t\t\t<div class=\"elementor-widget-container\">\n\t\t\t\t\t\t\t\t\t\t\t\t\t\t\t<img decoding=\"async\" width=\"776\" height=\"1024\" src=\"https:\/\/i0.wp.com\/www.lesliesingla.com\/wp-content\/uploads\/2023\/05\/Enchantee.jpg?fit=776%2C1024&amp;ssl=1\" class=\"attachment-large size-large wp-image-851\" alt=\"copywriter copywriting\" srcset=\"https:\/\/i0.wp.com\/www.lesliesingla.com\/wp-content\/uploads\/2023\/05\/Enchantee.jpg?w=790&amp;ssl=1 790w, https:\/\/i0.wp.com\/www.lesliesingla.com\/wp-content\/uploads\/2023\/05\/Enchantee.jpg?resize=227%2C300&amp;ssl=1 227w, https:\/\/i0.wp.com\/www.lesliesingla.com\/wp-content\/uploads\/2023\/05\/Enchantee.jpg?resize=776%2C1024&amp;ssl=1 776w, https:\/\/i0.wp.com\/www.lesliesingla.com\/wp-content\/uploads\/2023\/05\/Enchantee.jpg?resize=768%2C1013&amp;ssl=1 768w, https:\/\/i0.wp.com\/www.lesliesingla.com\/wp-content\/uploads\/2023\/05\/Enchantee.jpg?resize=9%2C12&amp;ssl=1 9w\" sizes=\"(max-width: 776px) 100vw, 776px\" \/>\t\t\t\t\t\t\t\t\t\t\t\t\t\t\t<\/div>\n\t\t\t\t<\/div>\n\t\t\t\t\t<\/div>\n\t\t<\/div>\n\t\t\t\t\t<\/div>\n\t\t<\/section>\n\t\t\t\t\t<\/div>\n\t\t<\/div>\n\t\t\t\t\t<\/div>\n\t\t<\/section>\n\t\t\t\t<section class=\"elementor-section elementor-top-section elementor-element elementor-element-84ad1e3 elementor-section-full_width elementor-section-height-default elementor-section-height-default elementor-invisible\" data-id=\"84ad1e3\" data-element_type=\"section\" data-e-type=\"section\" data-settings=\"{&quot;background_background&quot;:&quot;classic&quot;,&quot;animation&quot;:&quot;fadeIn&quot;}\">\n\t\t\t\t\t\t<div class=\"elementor-container elementor-column-gap-default\">\n\t\t\t\t\t<div class=\"elementor-column elementor-col-100 elementor-top-column elementor-element elementor-element-25318e6\" data-id=\"25318e6\" data-element_type=\"column\" data-e-type=\"column\">\n\t\t\t<div class=\"elementor-widget-wrap elementor-element-populated\">\n\t\t\t\t\t\t<div class=\"elementor-element elementor-element-c4969b0 elementor-widget elementor-widget-heading\" data-id=\"c4969b0\" data-element_type=\"widget\" data-e-type=\"widget\" data-widget_type=\"heading.default\">\n\t\t\t\t<div class=\"elementor-widget-container\">\n\t\t\t\t\t<h2 class=\"elementor-heading-title elementor-size-default\">Contact me<\/h2>\t\t\t\t<\/div>\n\t\t\t\t<\/div>\n\t\t\t\t<div class=\"elementor-element elementor-element-788eb3e elementor-widget__width-initial elementor-widget elementor-widget-text-editor\" data-id=\"788eb3e\" data-element_type=\"widget\" data-e-type=\"widget\" data-widget_type=\"text-editor.default\">\n\t\t\t\t<div class=\"elementor-widget-container\">\n\t\t\t\t\t\t\t\t\t<p>Let's reach your audience.<\/p>\t\t\t\t\t\t\t\t<\/div>\n\t\t\t\t<\/div>\n\t\t\t\t<div class=\"elementor-element elementor-element-6f4937c elementor-align-center elementor-widget elementor-widget-button\" data-id=\"6f4937c\" data-element_type=\"widget\" data-e-type=\"widget\" data-widget_type=\"button.default\">\n\t\t\t\t<div class=\"elementor-widget-container\">\n\t\t\t\t\t\t\t\t\t<div class=\"elementor-button-wrapper\">\n\t\t\t\t\t<a class=\"elementor-button elementor-button-link elementor-size-sm\" href=\"#\">\n\t\t\t\t\t\t<span class=\"elementor-button-content-wrapper\">\n\t\t\t\t\t\t\t\t\t<span class=\"elementor-button-text\">Click here<\/span>\n\t\t\t\t\t<\/span>\n\t\t\t\t\t<\/a>\n\t\t\t\t<\/div>\n\t\t\t\t\t\t\t\t<\/div>\n\t\t\t\t<\/div>\n\t\t\t\t\t<\/div>\n\t\t<\/div>\n\t\t\t\t\t<\/div>\n\t\t<\/section>\n\t\t\t\t<\/div>","protected":false},"excerpt":{"rendered":"<p>Leslie Singla R\u00e9dactrice &#8211; French Copywriter &#8211; Content editor Transmettre l\u2019information m\u2019a toujours guid\u00e9. Dans une autre vie, j\u2019\u00e9tais journaliste web \u00e0 Barcelone. De la soci\u00e9t\u00e9 \u00e0 la politique, en passant par la culture, raconter ce qui m\u2019entourait fut mon quotidien pendant plus de sept ans. Des rencontres avec des experts de chaque secteur m\u2019ont [&hellip;]<\/p>\n","protected":false},"author":2,"featured_media":0,"parent":0,"menu_order":4,"comment_status":"closed","ping_status":"closed","template":"","meta":{"nf_dc_page":"","footnotes":""},"class_list":["post-337","page","type-page","status-publish","hentry"],"yoast_head":"<!-- This site is optimized with the Yoast SEO plugin v26.9 - https:\/\/yoast.com\/product\/yoast-seo-wordpress\/ -->\n<title>R\u00e9dactrice - Copywriter<\/title>\n<meta name=\"description\" content=\"Retranscrire la vision des marques et des entrepreneurs me passionne. D\u00e9couvrez mon parcours de r\u00e9dactrice et journaliste.\" \/>\n<meta name=\"robots\" content=\"index, follow, max-snippet:-1, max-image-preview:large, max-video-preview:-1\" \/>\n<link rel=\"canonical\" href=\"https:\/\/www.lesliesingla.com\/en\/about-redactrice\/\" \/>\n<meta property=\"og:locale\" content=\"en_US\" \/>\n<meta property=\"og:type\" content=\"article\" \/>\n<meta property=\"og:title\" content=\"R\u00e9dactrice - Copywriter\" \/>\n<meta property=\"og:description\" content=\"Retranscrire la vision des marques et des entrepreneurs me passionne. D\u00e9couvrez mon parcours de r\u00e9dactrice et journaliste.\" \/>\n<meta property=\"og:url\" content=\"https:\/\/www.lesliesingla.com\/en\/about-redactrice\/\" \/>\n<meta property=\"og:site_name\" content=\"Leslie Singla - R\u00e9daction et Strat\u00e9gie \u00e9ditoriale\" \/>\n<meta property=\"article:modified_time\" content=\"2023-05-11T07:47:54+00:00\" \/>\n<meta property=\"og:image\" content=\"https:\/\/www.lesliesingla.com\/wp-content\/uploads\/2022\/09\/aboutLeslie-683x1024.jpg\" \/>\n<meta name=\"twitter:card\" content=\"summary_large_image\" \/>\n<meta name=\"twitter:label1\" content=\"Est. reading time\" \/>\n\t<meta name=\"twitter:data1\" content=\"2 minutes\" \/>\n<script type=\"application\/ld+json\" class=\"yoast-schema-graph\">{\"@context\":\"https:\/\/schema.org\",\"@graph\":[{\"@type\":\"WebPage\",\"@id\":\"https:\/\/www.lesliesingla.com\/about-redactrice\/\",\"url\":\"https:\/\/www.lesliesingla.com\/about-redactrice\/\",\"name\":\"R\u00e9dactrice - Copywriter\",\"isPartOf\":{\"@id\":\"https:\/\/www.lesliesingla.com\/#website\"},\"primaryImageOfPage\":{\"@id\":\"https:\/\/www.lesliesingla.com\/about-redactrice\/#primaryimage\"},\"image\":{\"@id\":\"https:\/\/www.lesliesingla.com\/about-redactrice\/#primaryimage\"},\"thumbnailUrl\":\"https:\/\/www.lesliesingla.com\/wp-content\/uploads\/2022\/09\/aboutLeslie-683x1024.jpg\",\"datePublished\":\"2022-09-20T08:17:14+00:00\",\"dateModified\":\"2023-05-11T07:47:54+00:00\",\"description\":\"Retranscrire la vision des marques et des entrepreneurs me passionne. D\u00e9couvrez mon parcours de r\u00e9dactrice et journaliste.\",\"inLanguage\":\"en-US\",\"potentialAction\":[{\"@type\":\"ReadAction\",\"target\":[\"https:\/\/www.lesliesingla.com\/about-redactrice\/\"]}]},{\"@type\":\"ImageObject\",\"inLanguage\":\"en-US\",\"@id\":\"https:\/\/www.lesliesingla.com\/about-redactrice\/#primaryimage\",\"url\":\"https:\/\/www.lesliesingla.com\/wp-content\/uploads\/2022\/09\/aboutLeslie-683x1024.jpg\",\"contentUrl\":\"https:\/\/www.lesliesingla.com\/wp-content\/uploads\/2022\/09\/aboutLeslie-683x1024.jpg\"},{\"@type\":\"WebSite\",\"@id\":\"https:\/\/www.lesliesingla.com\/#website\",\"url\":\"https:\/\/www.lesliesingla.com\/\",\"name\":\"Leslie Singla - R\u00e9daction et Strat\u00e9gie \u00e9ditoriale\",\"description\":\"R\u00e9daction SEO et Strat\u00e9gie \u00e9ditoriale\",\"publisher\":{\"@id\":\"https:\/\/www.lesliesingla.com\/#organization\"},\"potentialAction\":[{\"@type\":\"SearchAction\",\"target\":{\"@type\":\"EntryPoint\",\"urlTemplate\":\"https:\/\/www.lesliesingla.com\/?s={search_term_string}\"},\"query-input\":{\"@type\":\"PropertyValueSpecification\",\"valueRequired\":true,\"valueName\":\"search_term_string\"}}],\"inLanguage\":\"en-US\"},{\"@type\":\"Organization\",\"@id\":\"https:\/\/www.lesliesingla.com\/#organization\",\"name\":\"Leslie Singla - R\u00e9daction et Strat\u00e9gie \u00e9ditoriale\",\"url\":\"https:\/\/www.lesliesingla.com\/\",\"logo\":{\"@type\":\"ImageObject\",\"inLanguage\":\"en-US\",\"@id\":\"https:\/\/www.lesliesingla.com\/#\/schema\/logo\/image\/\",\"url\":\"https:\/\/i0.wp.com\/www.lesliesingla.com\/wp-content\/uploads\/2022\/09\/cropped-ls-fav.png?fit=512%2C512&ssl=1\",\"contentUrl\":\"https:\/\/i0.wp.com\/www.lesliesingla.com\/wp-content\/uploads\/2022\/09\/cropped-ls-fav.png?fit=512%2C512&ssl=1\",\"width\":512,\"height\":512,\"caption\":\"Leslie Singla - R\u00e9daction et Strat\u00e9gie \u00e9ditoriale\"},\"image\":{\"@id\":\"https:\/\/www.lesliesingla.com\/#\/schema\/logo\/image\/\"}}]}<\/script>\n<!-- \/ Yoast SEO plugin. -->","yoast_head_json":{"title":"R\u00e9dactrice - Copywriter","description":"Retranscrire la vision des marques et des entrepreneurs me passionne. D\u00e9couvrez mon parcours de r\u00e9dactrice et journaliste.","robots":{"index":"index","follow":"follow","max-snippet":"max-snippet:-1","max-image-preview":"max-image-preview:large","max-video-preview":"max-video-preview:-1"},"canonical":"https:\/\/www.lesliesingla.com\/en\/about-redactrice\/","og_locale":"en_US","og_type":"article","og_title":"R\u00e9dactrice - Copywriter","og_description":"Retranscrire la vision des marques et des entrepreneurs me passionne. D\u00e9couvrez mon parcours de r\u00e9dactrice et journaliste.","og_url":"https:\/\/www.lesliesingla.com\/en\/about-redactrice\/","og_site_name":"Leslie Singla - R\u00e9daction et Strat\u00e9gie \u00e9ditoriale","article_modified_time":"2023-05-11T07:47:54+00:00","og_image":[{"url":"https:\/\/www.lesliesingla.com\/wp-content\/uploads\/2022\/09\/aboutLeslie-683x1024.jpg","type":"","width":"","height":""}],"twitter_card":"summary_large_image","twitter_misc":{"Est. reading time":"2 minutes"},"schema":{"@context":"https:\/\/schema.org","@graph":[{"@type":"WebPage","@id":"https:\/\/www.lesliesingla.com\/about-redactrice\/","url":"https:\/\/www.lesliesingla.com\/about-redactrice\/","name":"R\u00e9dactrice - Copywriter","isPartOf":{"@id":"https:\/\/www.lesliesingla.com\/#website"},"primaryImageOfPage":{"@id":"https:\/\/www.lesliesingla.com\/about-redactrice\/#primaryimage"},"image":{"@id":"https:\/\/www.lesliesingla.com\/about-redactrice\/#primaryimage"},"thumbnailUrl":"https:\/\/www.lesliesingla.com\/wp-content\/uploads\/2022\/09\/aboutLeslie-683x1024.jpg","datePublished":"2022-09-20T08:17:14+00:00","dateModified":"2023-05-11T07:47:54+00:00","description":"Retranscrire la vision des marques et des entrepreneurs me passionne. D\u00e9couvrez mon parcours de r\u00e9dactrice et journaliste.","inLanguage":"en-US","potentialAction":[{"@type":"ReadAction","target":["https:\/\/www.lesliesingla.com\/about-redactrice\/"]}]},{"@type":"ImageObject","inLanguage":"en-US","@id":"https:\/\/www.lesliesingla.com\/about-redactrice\/#primaryimage","url":"https:\/\/www.lesliesingla.com\/wp-content\/uploads\/2022\/09\/aboutLeslie-683x1024.jpg","contentUrl":"https:\/\/www.lesliesingla.com\/wp-content\/uploads\/2022\/09\/aboutLeslie-683x1024.jpg"},{"@type":"WebSite","@id":"https:\/\/www.lesliesingla.com\/#website","url":"https:\/\/www.lesliesingla.com\/","name":"Leslie Singla - R\u00e9daction et Strat\u00e9gie \u00e9ditoriale","description":"R\u00e9daction SEO et Strat\u00e9gie \u00e9ditoriale","publisher":{"@id":"https:\/\/www.lesliesingla.com\/#organization"},"potentialAction":[{"@type":"SearchAction","target":{"@type":"EntryPoint","urlTemplate":"https:\/\/www.lesliesingla.com\/?s={search_term_string}"},"query-input":{"@type":"PropertyValueSpecification","valueRequired":true,"valueName":"search_term_string"}}],"inLanguage":"en-US"},{"@type":"Organization","@id":"https:\/\/www.lesliesingla.com\/#organization","name":"Leslie Singla - R\u00e9daction et Strat\u00e9gie \u00e9ditoriale","url":"https:\/\/www.lesliesingla.com\/","logo":{"@type":"ImageObject","inLanguage":"en-US","@id":"https:\/\/www.lesliesingla.com\/#\/schema\/logo\/image\/","url":"https:\/\/i0.wp.com\/www.lesliesingla.com\/wp-content\/uploads\/2022\/09\/cropped-ls-fav.png?fit=512%2C512&ssl=1","contentUrl":"https:\/\/i0.wp.com\/www.lesliesingla.com\/wp-content\/uploads\/2022\/09\/cropped-ls-fav.png?fit=512%2C512&ssl=1","width":512,"height":512,"caption":"Leslie Singla - R\u00e9daction et Strat\u00e9gie \u00e9ditoriale"},"image":{"@id":"https:\/\/www.lesliesingla.com\/#\/schema\/logo\/image\/"}}]}},"jetpack_sharing_enabled":true,"_links":{"self":[{"href":"https:\/\/www.lesliesingla.com\/en\/wp-json\/wp\/v2\/pages\/337","targetHints":{"allow":["GET"]}}],"collection":[{"href":"https:\/\/www.lesliesingla.com\/en\/wp-json\/wp\/v2\/pages"}],"about":[{"href":"https:\/\/www.lesliesingla.com\/en\/wp-json\/wp\/v2\/types\/page"}],"author":[{"embeddable":true,"href":"https:\/\/www.lesliesingla.com\/en\/wp-json\/wp\/v2\/users\/2"}],"replies":[{"embeddable":true,"href":"https:\/\/www.lesliesingla.com\/en\/wp-json\/wp\/v2\/comments?post=337"}],"version-history":[{"count":5,"href":"https:\/\/www.lesliesingla.com\/en\/wp-json\/wp\/v2\/pages\/337\/revisions"}],"predecessor-version":[{"id":893,"href":"https:\/\/www.lesliesingla.com\/en\/wp-json\/wp\/v2\/pages\/337\/revisions\/893"}],"wp:attachment":[{"href":"https:\/\/www.lesliesingla.com\/en\/wp-json\/wp\/v2\/media?parent=337"}],"curies":[{"name":"wp","href":"https:\/\/api.w.org\/{rel}","templated":true}]}}