{"id":285,"date":"2022-09-19T13:58:54","date_gmt":"2022-09-19T13:58:54","guid":{"rendered":"http:\/\/box5879.temp.domains\/~leslifo8\/?page_id=285"},"modified":"2025-10-25T17:59:00","modified_gmt":"2025-10-25T17:59:00","slug":"services-copywriting","status":"publish","type":"page","link":"https:\/\/www.lesliesingla.com\/en\/services-copywriting\/","title":{"rendered":"Services"},"content":{"rendered":"<div data-elementor-type=\"wp-post\" data-elementor-id=\"285\" class=\"elementor elementor-285\">\n\t\t\t\t\t\t<section class=\"elementor-section elementor-top-section elementor-element elementor-element-2d29453 elementor-section-boxed elementor-section-height-default elementor-section-height-default\" data-id=\"2d29453\" data-element_type=\"section\" data-e-type=\"section\">\n\t\t\t\t\t\t<div class=\"elementor-container elementor-column-gap-no\">\n\t\t\t\t\t<div class=\"elementor-column elementor-col-100 elementor-top-column elementor-element elementor-element-be45da6\" data-id=\"be45da6\" data-element_type=\"column\" data-e-type=\"column\">\n\t\t\t<div class=\"elementor-widget-wrap elementor-element-populated\">\n\t\t\t\t\t\t<div class=\"elementor-element elementor-element-93690af elementor-widget__width-initial elementor-widget elementor-widget-heading\" data-id=\"93690af\" data-element_type=\"widget\" data-e-type=\"widget\" data-widget_type=\"heading.default\">\n\t\t\t\t<div class=\"elementor-widget-container\">\n\t\t\t\t\t<h1 class=\"elementor-heading-title elementor-size-default\">Services de r\u00e9daction, strat\u00e9gie \u00e9ditoriale, cr\u00e9ation de contenus<\/h1>\t\t\t\t<\/div>\n\t\t\t\t<\/div>\n\t\t\t\t\t<\/div>\n\t\t<\/div>\n\t\t\t\t\t<\/div>\n\t\t<\/section>\n\t\t\t\t<section class=\"elementor-section elementor-top-section elementor-element elementor-element-98a108b elementor-section-height-min-height elementor-section-items-stretch elementor-reverse-tablet elementor-reverse-mobile elementor-section-boxed elementor-section-height-default elementor-invisible\" data-id=\"98a108b\" data-element_type=\"section\" data-e-type=\"section\" data-settings=\"{&quot;animation&quot;:&quot;fadeIn&quot;}\">\n\t\t\t\t\t\t<div class=\"elementor-container elementor-column-gap-no\">\n\t\t\t\t\t<div class=\"elementor-column elementor-col-50 elementor-top-column elementor-element elementor-element-5179bf8\" data-id=\"5179bf8\" data-element_type=\"column\" data-e-type=\"column\" data-settings=\"{&quot;background_background&quot;:&quot;classic&quot;}\">\n\t\t\t<div class=\"elementor-widget-wrap elementor-element-populated\">\n\t\t\t\t\t\t<div class=\"elementor-element elementor-element-c654d9a elementor-widget__width-initial elementor-widget elementor-widget-text-editor\" data-id=\"c654d9a\" data-element_type=\"widget\" data-e-type=\"widget\" data-widget_type=\"text-editor.default\">\n\t\t\t\t<div class=\"elementor-widget-container\">\n\t\t\t\t\t\t\t\t\t<p><span style=\"font-weight: 400;\">J&#8217;aide les entreprises \u00e0 <strong>trouver leur voix<\/strong>, le <strong>bon ton<\/strong> et les <strong>mots justes<\/strong>. Je prends le temps de comprendre <strong>qui vous \u00eates<\/strong> et quelle est <strong>votre cible<\/strong>.<\/span><\/p><p><span style=\"font-weight: 400;\">Styles direct ou subtil, informatif ou cr\u00e9atif, j&#8217;\u00e9labore le contenu qui vous ressemble pour <strong>refl\u00e9ter votre expertise<\/strong>, attirer vos clients naturellement ou <strong>renforcer votre marque employeur<\/strong>. Loin des templates et des formules toutes faites.<\/span><\/p>\t\t\t\t\t\t\t\t<\/div>\n\t\t\t\t<\/div>\n\t\t\t\t\t<\/div>\n\t\t<\/div>\n\t\t\t\t<div class=\"elementor-column elementor-col-50 elementor-top-column elementor-element elementor-element-d2e0426 elementor-hidden-tablet elementor-hidden-mobile\" data-id=\"d2e0426\" data-element_type=\"column\" data-e-type=\"column\" data-settings=\"{&quot;background_background&quot;:&quot;classic&quot;}\">\n\t\t\t<div class=\"elementor-widget-wrap elementor-element-populated\">\n\t\t\t\t\t\t<div class=\"elementor-element elementor-element-840155e elementor-widget elementor-widget-spacer\" data-id=\"840155e\" data-element_type=\"widget\" data-e-type=\"widget\" data-widget_type=\"spacer.default\">\n\t\t\t\t<div class=\"elementor-widget-container\">\n\t\t\t\t\t\t\t<div class=\"elementor-spacer\">\n\t\t\t<div class=\"elementor-spacer-inner\"><\/div>\n\t\t<\/div>\n\t\t\t\t\t\t<\/div>\n\t\t\t\t<\/div>\n\t\t\t\t<div class=\"elementor-element elementor-element-4e3555d elementor-widget elementor-widget-image\" data-id=\"4e3555d\" data-element_type=\"widget\" data-e-type=\"widget\" data-widget_type=\"image.default\">\n\t\t\t\t<div class=\"elementor-widget-container\">\n\t\t\t\t\t\t\t\t\t\t\t\t\t\t\t<img fetchpriority=\"high\" decoding=\"async\" width=\"800\" height=\"488\" src=\"https:\/\/i0.wp.com\/www.lesliesingla.com\/wp-content\/uploads\/2022\/09\/leslie-services.jpg?fit=800%2C488&amp;ssl=1\" class=\"attachment-large size-large wp-image-568\" alt=\"leslie singla redactrice strategie editoriale\" srcset=\"https:\/\/i0.wp.com\/www.lesliesingla.com\/wp-content\/uploads\/2022\/09\/leslie-services.jpg?w=1366&amp;ssl=1 1366w, https:\/\/i0.wp.com\/www.lesliesingla.com\/wp-content\/uploads\/2022\/09\/leslie-services.jpg?resize=300%2C183&amp;ssl=1 300w, https:\/\/i0.wp.com\/www.lesliesingla.com\/wp-content\/uploads\/2022\/09\/leslie-services.jpg?resize=1024%2C624&amp;ssl=1 1024w, https:\/\/i0.wp.com\/www.lesliesingla.com\/wp-content\/uploads\/2022\/09\/leslie-services.jpg?resize=768%2C468&amp;ssl=1 768w, https:\/\/i0.wp.com\/www.lesliesingla.com\/wp-content\/uploads\/2022\/09\/leslie-services.jpg?resize=18%2C12&amp;ssl=1 18w\" sizes=\"(max-width: 800px) 100vw, 800px\" \/>\t\t\t\t\t\t\t\t\t\t\t\t\t\t\t<\/div>\n\t\t\t\t<\/div>\n\t\t\t\t\t<\/div>\n\t\t<\/div>\n\t\t\t\t\t<\/div>\n\t\t<\/section>\n\t\t\t\t<section class=\"elementor-section elementor-top-section elementor-element elementor-element-bbfa2af elementor-section-height-min-height elementor-section-items-stretch elementor-reverse-tablet elementor-reverse-mobile elementor-section-boxed elementor-section-height-default elementor-invisible\" data-id=\"bbfa2af\" data-element_type=\"section\" data-e-type=\"section\" data-settings=\"{&quot;animation&quot;:&quot;fadeIn&quot;}\">\n\t\t\t\t\t\t<div class=\"elementor-container elementor-column-gap-no\">\n\t\t\t\t\t<div class=\"elementor-column elementor-col-50 elementor-top-column elementor-element elementor-element-254047f\" data-id=\"254047f\" data-element_type=\"column\" data-e-type=\"column\" data-settings=\"{&quot;background_background&quot;:&quot;classic&quot;}\">\n\t\t\t<div class=\"elementor-widget-wrap elementor-element-populated\">\n\t\t\t\t\t\t<div class=\"elementor-element elementor-element-d7e5869 elementor-widget__width-initial elementor-widget elementor-widget-text-editor\" data-id=\"d7e5869\" data-element_type=\"widget\" data-e-type=\"widget\" data-widget_type=\"text-editor.default\">\n\t\t\t\t<div class=\"elementor-widget-container\">\n\t\t\t\t\t\t\t\t\t<h2><b>Strat\u00e9gie \u00e9ditoriale<\/b><\/h2><p><i><span style=\"font-weight: 400;\">Pour cr\u00e9er ou structurer votre communication.\u00a0<\/span><\/i><\/p><p><span style=\"font-weight: 400;\">Ligne \u00e9ditoriale, veille de sujets, tone of voice, calendrier \u00e9ditorial.<\/span><\/p><h2><b>SEO &amp; Contenu optimis\u00e9<\/b><\/h2><p><i><span style=\"font-weight: 400;\">Pour d\u00e9velopper votre visibilit\u00e9 et attirer votre audience cible.<\/span><\/i><\/p><p><span style=\"font-weight: 400;\">Audit, strat\u00e9gie de mots-cl\u00e9s, r\u00e9daction d&#8217;articles de blog, optimisation de pages web.\u00a0<\/span><\/p><h2><b>R\u00e9daction B2B<\/b><\/h2><p><i><span style=\"font-weight: 400;\">Pour valoriser votre expertise.<\/span><\/i><\/p><p><span style=\"font-weight: 400;\">Articles de blog, pages web, \u00e9tudes de cas, contenus LinkedIn, newsletters. <\/span><\/p>\t\t\t\t\t\t\t\t<\/div>\n\t\t\t\t<\/div>\n\t\t\t\t\t<\/div>\n\t\t<\/div>\n\t\t\t\t<div class=\"elementor-column elementor-col-50 elementor-top-column elementor-element elementor-element-9fe916d elementor-hidden-tablet elementor-hidden-mobile\" data-id=\"9fe916d\" data-element_type=\"column\" data-e-type=\"column\" data-settings=\"{&quot;background_background&quot;:&quot;classic&quot;}\">\n\t\t\t<div class=\"elementor-widget-wrap elementor-element-populated\">\n\t\t\t\t\t\t<div class=\"elementor-element elementor-element-2a9146c elementor-widget elementor-widget-spacer\" data-id=\"2a9146c\" data-element_type=\"widget\" data-e-type=\"widget\" data-widget_type=\"spacer.default\">\n\t\t\t\t<div class=\"elementor-widget-container\">\n\t\t\t\t\t\t\t<div class=\"elementor-spacer\">\n\t\t\t<div class=\"elementor-spacer-inner\"><\/div>\n\t\t<\/div>\n\t\t\t\t\t\t<\/div>\n\t\t\t\t<\/div>\n\t\t\t\t\t<\/div>\n\t\t<\/div>\n\t\t\t\t\t<\/div>\n\t\t<\/section>\n\t\t\t\t<section class=\"elementor-section elementor-top-section elementor-element elementor-element-0c24ef0 elementor-section-full_width elementor-section-height-min-height elementor-section-items-stretch elementor-reverse-tablet elementor-reverse-mobile elementor-section-height-default elementor-invisible\" data-id=\"0c24ef0\" data-element_type=\"section\" data-e-type=\"section\" data-settings=\"{&quot;animation&quot;:&quot;fadeIn&quot;}\">\n\t\t\t\t\t\t<div class=\"elementor-container elementor-column-gap-no\">\n\t\t\t\t\t<div class=\"elementor-column elementor-col-100 elementor-top-column elementor-element elementor-element-9ce0f57\" data-id=\"9ce0f57\" data-element_type=\"column\" data-e-type=\"column\">\n\t\t\t<div class=\"elementor-widget-wrap\">\n\t\t\t\t\t\t\t<\/div>\n\t\t<\/div>\n\t\t\t\t\t<\/div>\n\t\t<\/section>\n\t\t\t\t<section class=\"elementor-section elementor-top-section elementor-element elementor-element-a68933f elementor-section-boxed elementor-section-height-default elementor-section-height-default\" data-id=\"a68933f\" data-element_type=\"section\" data-e-type=\"section\">\n\t\t\t\t\t\t<div class=\"elementor-container elementor-column-gap-default\">\n\t\t\t\t\t<div class=\"elementor-column elementor-col-100 elementor-top-column elementor-element elementor-element-9b08eae\" data-id=\"9b08eae\" data-element_type=\"column\" data-e-type=\"column\">\n\t\t\t<div class=\"elementor-widget-wrap elementor-element-populated\">\n\t\t\t\t\t\t<section class=\"elementor-section elementor-inner-section elementor-element elementor-element-f4e4e35 elementor-section-boxed elementor-section-height-default elementor-section-height-default\" data-id=\"f4e4e35\" data-element_type=\"section\" data-e-type=\"section\">\n\t\t\t\t\t\t<div class=\"elementor-container elementor-column-gap-default\">\n\t\t\t\t\t<div class=\"elementor-column elementor-col-100 elementor-inner-column elementor-element elementor-element-2d9443d\" data-id=\"2d9443d\" data-element_type=\"column\" data-e-type=\"column\">\n\t\t\t<div class=\"elementor-widget-wrap elementor-element-populated\">\n\t\t\t\t\t\t<div class=\"elementor-element elementor-element-8105626 elementor-widget-divider--view-line elementor-widget elementor-widget-divider\" data-id=\"8105626\" data-element_type=\"widget\" data-e-type=\"widget\" data-widget_type=\"divider.default\">\n\t\t\t\t<div class=\"elementor-widget-container\">\n\t\t\t\t\t\t\t<div class=\"elementor-divider\">\n\t\t\t<span class=\"elementor-divider-separator\">\n\t\t\t\t\t\t<\/span>\n\t\t<\/div>\n\t\t\t\t\t\t<\/div>\n\t\t\t\t<\/div>\n\t\t\t\t\t<\/div>\n\t\t<\/div>\n\t\t\t\t\t<\/div>\n\t\t<\/section>\n\t\t\t\t\t<\/div>\n\t\t<\/div>\n\t\t\t\t\t<\/div>\n\t\t<\/section>\n\t\t\t\t<section class=\"elementor-section elementor-top-section elementor-element elementor-element-dcb948b elementor-section-boxed elementor-section-height-default elementor-section-height-default\" data-id=\"dcb948b\" data-element_type=\"section\" data-e-type=\"section\" data-settings=\"{&quot;background_background&quot;:&quot;classic&quot;}\">\n\t\t\t\t\t\t<div class=\"elementor-container elementor-column-gap-default\">\n\t\t\t\t\t<div class=\"elementor-column elementor-col-100 elementor-top-column elementor-element elementor-element-c35ba1f\" data-id=\"c35ba1f\" data-element_type=\"column\" data-e-type=\"column\">\n\t\t\t<div class=\"elementor-widget-wrap elementor-element-populated\">\n\t\t\t\t\t\t<div class=\"elementor-element elementor-element-8876931 elementor-widget elementor-widget-heading\" data-id=\"8876931\" data-element_type=\"widget\" data-e-type=\"widget\" data-widget_type=\"heading.default\">\n\t\t\t\t<div class=\"elementor-widget-container\">\n\t\t\t\t\t<h2 class=\"elementor-heading-title elementor-size-default\">Mes clients<\/h2>\t\t\t\t<\/div>\n\t\t\t\t<\/div>\n\t\t\t\t<section class=\"elementor-section elementor-inner-section elementor-element elementor-element-ca32ec1 elementor-section-boxed elementor-section-height-default elementor-section-height-default\" data-id=\"ca32ec1\" data-element_type=\"section\" data-e-type=\"section\">\n\t\t\t\t\t\t<div class=\"elementor-container elementor-column-gap-default\">\n\t\t\t\t\t<div class=\"elementor-column elementor-col-33 elementor-inner-column elementor-element elementor-element-5bf3980\" data-id=\"5bf3980\" data-element_type=\"column\" data-e-type=\"column\">\n\t\t\t<div class=\"elementor-widget-wrap elementor-element-populated\">\n\t\t\t\t\t\t<div class=\"elementor-element elementor-element-ee3612a elementor-widget__width-initial elementor-widget elementor-widget-text-editor\" data-id=\"ee3612a\" data-element_type=\"widget\" data-e-type=\"widget\" data-widget_type=\"text-editor.default\">\n\t\t\t\t<div class=\"elementor-widget-container\">\n\t\t\t\t\t\t\t\t\t<p><span style=\"font-weight: 400;\"><strong>Entreprises<\/strong> qui veulent d\u00e9l\u00e9guer ou structurer leur communication.<\/span><\/p><p><span style=\"font-weight: 400;\"><strong>Entreprises internationales<\/strong> qui touchent le march\u00e9 fran\u00e7ais.<\/span><\/p><p><span style=\"font-weight: 400;\"><strong>Agences<\/strong> qui cherchent une plume de confiance.<\/span><\/p>\t\t\t\t\t\t\t\t<\/div>\n\t\t\t\t<\/div>\n\t\t\t\t\t<\/div>\n\t\t<\/div>\n\t\t\t\t<div class=\"elementor-column elementor-col-33 elementor-inner-column elementor-element elementor-element-cb04c47 elementor-hidden-tablet elementor-hidden-mobile\" data-id=\"cb04c47\" data-element_type=\"column\" data-e-type=\"column\">\n\t\t\t<div class=\"elementor-widget-wrap elementor-element-populated\">\n\t\t\t\t\t\t\t<\/div>\n\t\t<\/div>\n\t\t\t\t<div class=\"elementor-column elementor-col-33 elementor-inner-column elementor-element elementor-element-bdcba07\" data-id=\"bdcba07\" data-element_type=\"column\" data-e-type=\"column\">\n\t\t\t<div class=\"elementor-widget-wrap elementor-element-populated\">\n\t\t\t\t\t\t<div class=\"elementor-element elementor-element-8d675f8 elementor-widget elementor-widget-text-editor\" data-id=\"8d675f8\" data-element_type=\"widget\" data-e-type=\"widget\" data-widget_type=\"text-editor.default\">\n\t\t\t\t<div class=\"elementor-widget-container\">\n\t\t\t\t\t\t\t\t\t<p class=\"translation-block\">Authenticity,<br>trust,<br>efficiency.<\/p>\t\t\t\t\t\t\t\t<\/div>\n\t\t\t\t<\/div>\n\t\t\t\t\t<\/div>\n\t\t<\/div>\n\t\t\t\t\t<\/div>\n\t\t<\/section>\n\t\t\t\t\t<\/div>\n\t\t<\/div>\n\t\t\t\t\t<\/div>\n\t\t<\/section>\n\t\t\t\t<\/div>","protected":false},"excerpt":{"rendered":"<p>Services de r\u00e9daction, strat\u00e9gie \u00e9ditoriale, cr\u00e9ation de contenus J&#8217;aide les entreprises \u00e0 trouver leur voix, le bon ton et les mots justes. Je prends le temps de comprendre qui vous \u00eates et quelle est votre cible. Styles direct ou subtil, informatif ou cr\u00e9atif, j&#8217;\u00e9labore le contenu qui vous ressemble pour refl\u00e9ter votre expertise, attirer vos [&hellip;]<\/p>\n","protected":false},"author":2,"featured_media":0,"parent":0,"menu_order":2,"comment_status":"closed","ping_status":"closed","template":"","meta":{"nf_dc_page":"","footnotes":""},"class_list":["post-285","page","type-page","status-publish","hentry"],"yoast_head":"<!-- This site is optimized with the Yoast SEO plugin v26.9 - https:\/\/yoast.com\/product\/yoast-seo-wordpress\/ -->\n<title>Services de copywriting et r\u00e9daction web SEO<\/title>\n<meta name=\"description\" content=\"Articles, pages de site, communiqu\u00e9s de presse, newsletter, je m&#039;adapte \u00e0 tous types de format. D\u00e9couvrez mes services de r\u00e9daction web SEO.\" \/>\n<meta name=\"robots\" content=\"index, follow, max-snippet:-1, max-image-preview:large, max-video-preview:-1\" \/>\n<link rel=\"canonical\" href=\"https:\/\/www.lesliesingla.com\/en\/services-copywriting\/\" \/>\n<meta property=\"og:locale\" content=\"en_US\" \/>\n<meta property=\"og:type\" content=\"article\" \/>\n<meta property=\"og:title\" content=\"Services de copywriting et r\u00e9daction web SEO\" \/>\n<meta property=\"og:description\" content=\"Articles, pages de site, communiqu\u00e9s de presse, newsletter, je m&#039;adapte \u00e0 tous types de format. D\u00e9couvrez mes services de r\u00e9daction web SEO.\" \/>\n<meta property=\"og:url\" content=\"https:\/\/www.lesliesingla.com\/en\/services-copywriting\/\" \/>\n<meta property=\"og:site_name\" content=\"Leslie Singla - R\u00e9daction et Strat\u00e9gie \u00e9ditoriale\" \/>\n<meta property=\"article:modified_time\" content=\"2025-10-25T17:59:00+00:00\" \/>\n<meta property=\"og:image\" content=\"https:\/\/www.lesliesingla.com\/wp-content\/uploads\/2022\/09\/leslie-services-1024x624.jpg\" \/>\n<meta name=\"twitter:card\" content=\"summary_large_image\" \/>\n<meta name=\"twitter:label1\" content=\"Est. reading time\" \/>\n\t<meta name=\"twitter:data1\" content=\"1 minute\" \/>\n<script type=\"application\/ld+json\" class=\"yoast-schema-graph\">{\"@context\":\"https:\/\/schema.org\",\"@graph\":[{\"@type\":\"WebPage\",\"@id\":\"https:\/\/www.lesliesingla.com\/services-copywriting\/\",\"url\":\"https:\/\/www.lesliesingla.com\/services-copywriting\/\",\"name\":\"Services de copywriting et r\u00e9daction web SEO\",\"isPartOf\":{\"@id\":\"https:\/\/www.lesliesingla.com\/#website\"},\"primaryImageOfPage\":{\"@id\":\"https:\/\/www.lesliesingla.com\/services-copywriting\/#primaryimage\"},\"image\":{\"@id\":\"https:\/\/www.lesliesingla.com\/services-copywriting\/#primaryimage\"},\"thumbnailUrl\":\"https:\/\/www.lesliesingla.com\/wp-content\/uploads\/2022\/09\/leslie-services-1024x624.jpg\",\"datePublished\":\"2022-09-19T13:58:54+00:00\",\"dateModified\":\"2025-10-25T17:59:00+00:00\",\"description\":\"Articles, pages de site, communiqu\u00e9s de presse, newsletter, je m'adapte \u00e0 tous types de format. D\u00e9couvrez mes services de r\u00e9daction web SEO.\",\"inLanguage\":\"en-US\",\"potentialAction\":[{\"@type\":\"ReadAction\",\"target\":[\"https:\/\/www.lesliesingla.com\/services-copywriting\/\"]}]},{\"@type\":\"ImageObject\",\"inLanguage\":\"en-US\",\"@id\":\"https:\/\/www.lesliesingla.com\/services-copywriting\/#primaryimage\",\"url\":\"https:\/\/www.lesliesingla.com\/wp-content\/uploads\/2022\/09\/leslie-services-1024x624.jpg\",\"contentUrl\":\"https:\/\/www.lesliesingla.com\/wp-content\/uploads\/2022\/09\/leslie-services-1024x624.jpg\"},{\"@type\":\"WebSite\",\"@id\":\"https:\/\/www.lesliesingla.com\/#website\",\"url\":\"https:\/\/www.lesliesingla.com\/\",\"name\":\"Leslie Singla - R\u00e9daction et Strat\u00e9gie \u00e9ditoriale\",\"description\":\"R\u00e9daction SEO et Strat\u00e9gie \u00e9ditoriale\",\"publisher\":{\"@id\":\"https:\/\/www.lesliesingla.com\/#organization\"},\"potentialAction\":[{\"@type\":\"SearchAction\",\"target\":{\"@type\":\"EntryPoint\",\"urlTemplate\":\"https:\/\/www.lesliesingla.com\/?s={search_term_string}\"},\"query-input\":{\"@type\":\"PropertyValueSpecification\",\"valueRequired\":true,\"valueName\":\"search_term_string\"}}],\"inLanguage\":\"en-US\"},{\"@type\":\"Organization\",\"@id\":\"https:\/\/www.lesliesingla.com\/#organization\",\"name\":\"Leslie Singla - R\u00e9daction et Strat\u00e9gie \u00e9ditoriale\",\"url\":\"https:\/\/www.lesliesingla.com\/\",\"logo\":{\"@type\":\"ImageObject\",\"inLanguage\":\"en-US\",\"@id\":\"https:\/\/www.lesliesingla.com\/#\/schema\/logo\/image\/\",\"url\":\"https:\/\/i0.wp.com\/www.lesliesingla.com\/wp-content\/uploads\/2022\/09\/cropped-ls-fav.png?fit=512%2C512&ssl=1\",\"contentUrl\":\"https:\/\/i0.wp.com\/www.lesliesingla.com\/wp-content\/uploads\/2022\/09\/cropped-ls-fav.png?fit=512%2C512&ssl=1\",\"width\":512,\"height\":512,\"caption\":\"Leslie Singla - R\u00e9daction et Strat\u00e9gie \u00e9ditoriale\"},\"image\":{\"@id\":\"https:\/\/www.lesliesingla.com\/#\/schema\/logo\/image\/\"}}]}<\/script>\n<!-- \/ Yoast SEO plugin. -->","yoast_head_json":{"title":"Services de copywriting et r\u00e9daction web SEO","description":"Articles, pages de site, communiqu\u00e9s de presse, newsletter, je m'adapte \u00e0 tous types de format. D\u00e9couvrez mes services de r\u00e9daction web SEO.","robots":{"index":"index","follow":"follow","max-snippet":"max-snippet:-1","max-image-preview":"max-image-preview:large","max-video-preview":"max-video-preview:-1"},"canonical":"https:\/\/www.lesliesingla.com\/en\/services-copywriting\/","og_locale":"en_US","og_type":"article","og_title":"Services de copywriting et r\u00e9daction web SEO","og_description":"Articles, pages de site, communiqu\u00e9s de presse, newsletter, je m'adapte \u00e0 tous types de format. D\u00e9couvrez mes services de r\u00e9daction web SEO.","og_url":"https:\/\/www.lesliesingla.com\/en\/services-copywriting\/","og_site_name":"Leslie Singla - R\u00e9daction et Strat\u00e9gie \u00e9ditoriale","article_modified_time":"2025-10-25T17:59:00+00:00","og_image":[{"url":"https:\/\/www.lesliesingla.com\/wp-content\/uploads\/2022\/09\/leslie-services-1024x624.jpg","type":"","width":"","height":""}],"twitter_card":"summary_large_image","twitter_misc":{"Est. reading time":"1 minute"},"schema":{"@context":"https:\/\/schema.org","@graph":[{"@type":"WebPage","@id":"https:\/\/www.lesliesingla.com\/services-copywriting\/","url":"https:\/\/www.lesliesingla.com\/services-copywriting\/","name":"Services de copywriting et r\u00e9daction web SEO","isPartOf":{"@id":"https:\/\/www.lesliesingla.com\/#website"},"primaryImageOfPage":{"@id":"https:\/\/www.lesliesingla.com\/services-copywriting\/#primaryimage"},"image":{"@id":"https:\/\/www.lesliesingla.com\/services-copywriting\/#primaryimage"},"thumbnailUrl":"https:\/\/www.lesliesingla.com\/wp-content\/uploads\/2022\/09\/leslie-services-1024x624.jpg","datePublished":"2022-09-19T13:58:54+00:00","dateModified":"2025-10-25T17:59:00+00:00","description":"Articles, pages de site, communiqu\u00e9s de presse, newsletter, je m'adapte \u00e0 tous types de format. D\u00e9couvrez mes services de r\u00e9daction web SEO.","inLanguage":"en-US","potentialAction":[{"@type":"ReadAction","target":["https:\/\/www.lesliesingla.com\/services-copywriting\/"]}]},{"@type":"ImageObject","inLanguage":"en-US","@id":"https:\/\/www.lesliesingla.com\/services-copywriting\/#primaryimage","url":"https:\/\/www.lesliesingla.com\/wp-content\/uploads\/2022\/09\/leslie-services-1024x624.jpg","contentUrl":"https:\/\/www.lesliesingla.com\/wp-content\/uploads\/2022\/09\/leslie-services-1024x624.jpg"},{"@type":"WebSite","@id":"https:\/\/www.lesliesingla.com\/#website","url":"https:\/\/www.lesliesingla.com\/","name":"Leslie Singla - R\u00e9daction et Strat\u00e9gie \u00e9ditoriale","description":"R\u00e9daction SEO et Strat\u00e9gie \u00e9ditoriale","publisher":{"@id":"https:\/\/www.lesliesingla.com\/#organization"},"potentialAction":[{"@type":"SearchAction","target":{"@type":"EntryPoint","urlTemplate":"https:\/\/www.lesliesingla.com\/?s={search_term_string}"},"query-input":{"@type":"PropertyValueSpecification","valueRequired":true,"valueName":"search_term_string"}}],"inLanguage":"en-US"},{"@type":"Organization","@id":"https:\/\/www.lesliesingla.com\/#organization","name":"Leslie Singla - R\u00e9daction et Strat\u00e9gie \u00e9ditoriale","url":"https:\/\/www.lesliesingla.com\/","logo":{"@type":"ImageObject","inLanguage":"en-US","@id":"https:\/\/www.lesliesingla.com\/#\/schema\/logo\/image\/","url":"https:\/\/i0.wp.com\/www.lesliesingla.com\/wp-content\/uploads\/2022\/09\/cropped-ls-fav.png?fit=512%2C512&ssl=1","contentUrl":"https:\/\/i0.wp.com\/www.lesliesingla.com\/wp-content\/uploads\/2022\/09\/cropped-ls-fav.png?fit=512%2C512&ssl=1","width":512,"height":512,"caption":"Leslie Singla - R\u00e9daction et Strat\u00e9gie \u00e9ditoriale"},"image":{"@id":"https:\/\/www.lesliesingla.com\/#\/schema\/logo\/image\/"}}]}},"jetpack_sharing_enabled":true,"_links":{"self":[{"href":"https:\/\/www.lesliesingla.com\/en\/wp-json\/wp\/v2\/pages\/285","targetHints":{"allow":["GET"]}}],"collection":[{"href":"https:\/\/www.lesliesingla.com\/en\/wp-json\/wp\/v2\/pages"}],"about":[{"href":"https:\/\/www.lesliesingla.com\/en\/wp-json\/wp\/v2\/types\/page"}],"author":[{"embeddable":true,"href":"https:\/\/www.lesliesingla.com\/en\/wp-json\/wp\/v2\/users\/2"}],"replies":[{"embeddable":true,"href":"https:\/\/www.lesliesingla.com\/en\/wp-json\/wp\/v2\/comments?post=285"}],"version-history":[{"count":5,"href":"https:\/\/www.lesliesingla.com\/en\/wp-json\/wp\/v2\/pages\/285\/revisions"}],"predecessor-version":[{"id":1047,"href":"https:\/\/www.lesliesingla.com\/en\/wp-json\/wp\/v2\/pages\/285\/revisions\/1047"}],"wp:attachment":[{"href":"https:\/\/www.lesliesingla.com\/en\/wp-json\/wp\/v2\/media?parent=285"}],"curies":[{"name":"wp","href":"https:\/\/api.w.org\/{rel}","templated":true}]}}